{"id":1514,"date":"2023-11-29T14:37:33","date_gmt":"2023-11-29T14:37:33","guid":{"rendered":"https:\/\/pixelstudiove.com\/?page_id=1514"},"modified":"2023-11-29T15:04:47","modified_gmt":"2023-11-29T15:04:47","slug":"terminos-y-condiciones","status":"publish","type":"page","link":"https:\/\/pixelstudiove.com\/index.php\/terminos-y-condiciones\/","title":{"rendered":"T\u00e9rminos y condiciones"},"content":{"rendered":"\t\t<div data-elementor-type=\"wp-page\" data-elementor-id=\"1514\" class=\"elementor elementor-1514\" data-elementor-post-type=\"page\">\n\t\t\t\t\t\t\t<div class=\"elementor-element elementor-element-ad7c873 e-flex e-con-boxed wpr-particle-no wpr-jarallax-no wpr-parallax-no wpr-sticky-section-no e-con e-parent\" data-id=\"ad7c873\" data-element_type=\"container\" data-settings=\"{&quot;background_background&quot;:&quot;classic&quot;,&quot;content_width&quot;:&quot;boxed&quot;}\" data-core-v316-plus=\"true\">\n\t\t\t\t\t<div class=\"e-con-inner\">\n\t\t\t\t<div class=\"elementor-element elementor-element-5d04238 elementor-widget-divider--view-line elementor-widget elementor-widget-divider\" data-id=\"5d04238\" data-element_type=\"widget\" data-widget_type=\"divider.default\">\n\t\t\t\t<div class=\"elementor-widget-container\">\n\t\t\t<style>\/*! elementor - v3.17.0 - 08-11-2023 *\/\n.elementor-widget-divider{--divider-border-style:none;--divider-border-width:1px;--divider-color:#0c0d0e;--divider-icon-size:20px;--divider-element-spacing:10px;--divider-pattern-height:24px;--divider-pattern-size:20px;--divider-pattern-url:none;--divider-pattern-repeat:repeat-x}.elementor-widget-divider .elementor-divider{display:flex}.elementor-widget-divider .elementor-divider__text{font-size:15px;line-height:1;max-width:95%}.elementor-widget-divider .elementor-divider__element{margin:0 var(--divider-element-spacing);flex-shrink:0}.elementor-widget-divider .elementor-icon{font-size:var(--divider-icon-size)}.elementor-widget-divider .elementor-divider-separator{display:flex;margin:0;direction:ltr}.elementor-widget-divider--view-line_icon .elementor-divider-separator,.elementor-widget-divider--view-line_text .elementor-divider-separator{align-items:center}.elementor-widget-divider--view-line_icon .elementor-divider-separator:after,.elementor-widget-divider--view-line_icon .elementor-divider-separator:before,.elementor-widget-divider--view-line_text .elementor-divider-separator:after,.elementor-widget-divider--view-line_text .elementor-divider-separator:before{display:block;content:\"\";border-bottom:0;flex-grow:1;border-top:var(--divider-border-width) var(--divider-border-style) var(--divider-color)}.elementor-widget-divider--element-align-left .elementor-divider .elementor-divider-separator>.elementor-divider__svg:first-of-type{flex-grow:0;flex-shrink:100}.elementor-widget-divider--element-align-left .elementor-divider-separator:before{content:none}.elementor-widget-divider--element-align-left .elementor-divider__element{margin-left:0}.elementor-widget-divider--element-align-right .elementor-divider .elementor-divider-separator>.elementor-divider__svg:last-of-type{flex-grow:0;flex-shrink:100}.elementor-widget-divider--element-align-right .elementor-divider-separator:after{content:none}.elementor-widget-divider--element-align-right .elementor-divider__element{margin-right:0}.elementor-widget-divider:not(.elementor-widget-divider--view-line_text):not(.elementor-widget-divider--view-line_icon) .elementor-divider-separator{border-top:var(--divider-border-width) var(--divider-border-style) var(--divider-color)}.elementor-widget-divider--separator-type-pattern{--divider-border-style:none}.elementor-widget-divider--separator-type-pattern.elementor-widget-divider--view-line .elementor-divider-separator,.elementor-widget-divider--separator-type-pattern:not(.elementor-widget-divider--view-line) .elementor-divider-separator:after,.elementor-widget-divider--separator-type-pattern:not(.elementor-widget-divider--view-line) .elementor-divider-separator:before,.elementor-widget-divider--separator-type-pattern:not([class*=elementor-widget-divider--view]) .elementor-divider-separator{width:100%;min-height:var(--divider-pattern-height);-webkit-mask-size:var(--divider-pattern-size) 100%;mask-size:var(--divider-pattern-size) 100%;-webkit-mask-repeat:var(--divider-pattern-repeat);mask-repeat:var(--divider-pattern-repeat);background-color:var(--divider-color);-webkit-mask-image:var(--divider-pattern-url);mask-image:var(--divider-pattern-url)}.elementor-widget-divider--no-spacing{--divider-pattern-size:auto}.elementor-widget-divider--bg-round{--divider-pattern-repeat:round}.rtl .elementor-widget-divider .elementor-divider__text{direction:rtl}.e-con-inner>.elementor-widget-divider,.e-con>.elementor-widget-divider{width:var(--container-widget-width,100%);--flex-grow:var(--container-widget-flex-grow)}<\/style>\t\t<div class=\"elementor-divider\">\n\t\t\t<span class=\"elementor-divider-separator\">\n\t\t\t\t\t\t<\/span>\n\t\t<\/div>\n\t\t\t\t<\/div>\n\t\t\t\t<\/div>\n\t\t\t\t<div class=\"elementor-element elementor-element-4e6bed8 elementor-widget elementor-widget-heading\" data-id=\"4e6bed8\" data-element_type=\"widget\" data-widget_type=\"heading.default\">\n\t\t\t\t<div class=\"elementor-widget-container\">\n\t\t\t<style>\/*! elementor - v3.17.0 - 08-11-2023 *\/\n.elementor-heading-title{padding:0;margin:0;line-height:1}.elementor-widget-heading .elementor-heading-title[class*=elementor-size-]>a{color:inherit;font-size:inherit;line-height:inherit}.elementor-widget-heading .elementor-heading-title.elementor-size-small{font-size:15px}.elementor-widget-heading .elementor-heading-title.elementor-size-medium{font-size:19px}.elementor-widget-heading .elementor-heading-title.elementor-size-large{font-size:29px}.elementor-widget-heading .elementor-heading-title.elementor-size-xl{font-size:39px}.elementor-widget-heading .elementor-heading-title.elementor-size-xxl{font-size:59px}<\/style><h2 class=\"elementor-heading-title elementor-size-default\">T\u00c9RMINOS Y CONDICIONES<\/h2>\t\t<\/div>\n\t\t\t\t<\/div>\n\t\t\t\t<div class=\"elementor-element elementor-element-c38ba06 elementor-widget elementor-widget-heading\" data-id=\"c38ba06\" data-element_type=\"widget\" data-widget_type=\"heading.default\">\n\t\t\t\t<div class=\"elementor-widget-container\">\n\t\t\t<h2 class=\"elementor-heading-title elementor-size-default\">\n\nBienvenido a Pixels Studio. Antes de utilizar nuestros servicios, te recomendamos leer detenidamente estos T\u00e9rminos y Condiciones, ya que rigen tu acceso y uso de nuestro sitio web y aplicaciones.\n<br>\n<br>\n1. ACEPTACI\u00d3N DE LOS T\u00c9RMINOS\n<br>\nAl acceder o utilizar nuestro sitio web y aplicaciones, aceptas cumplir con estos T\u00e9rminos y Condiciones. Si no est\u00e1s de acuerdo con alguno de los t\u00e9rminos, te recomendamos que no utilices nuestros servicios.\n<br>\n<br>\n2. USO DE LOS SERVICIOS\n<br>\nTe comprometes a utilizar nuestros servicios de manera legal, \u00e9tica y de acuerdo con estos T\u00e9rminos y Condiciones. No debes interferir con la seguridad o integridad de nuestro sitio web y aplicaciones ni intentar acceder a \u00e1reas no autorizadas.\n<br>\n<br>\n3. CUENTAS DE USUARIO\n<br>\nAl crear una cuenta en nuestro sitio web o aplicaciones, eres responsable de mantener la confidencialidad de tu informaci\u00f3n de inicio de sesi\u00f3n y de las actividades que ocurran en tu cuenta. Notif\u00edcanos inmediatamente cualquier uso no autorizado de tu cuenta.\n<br>\n<br>\n\n4. CONTENIDO DEL USUARIO\n<br>\nAl proporcionar contenido a nuestro sitio web o aplicaciones, garantizas que tienes los derechos necesarios sobre dicho contenido. Nos reservamos el derecho de eliminar o modificar cualquier contenido que consideremos violatorio de estos T\u00e9rminos y Condiciones.\n<br>\n<br>\n5. PROPIEDAD INTELECTUAL\n<br>\nTodo el contenido, marcas registradas, logotipos y derechos de propiedad intelectual asociados con nuestros servicios son propiedad exclusiva de Pixels Studio.\n<br>\n<br>\n6. LIMITACI\u00d3N DE RESPONSABILIDAD\n<br>\nNo garantizamos la disponibilidad continua o ininterrumpida de nuestros servicios y nos eximimos de cualquier responsabilidad por p\u00e9rdidas o da\u00f1os directos, indirectos, incidentales o consecuentes que puedan surgir del uso de nuestros servicios.\n<br>\n<br>\n7. LEYES APLICABLES Y JURISDICCI\u00d3N\n<br>\nEstos T\u00e9rminos y Condiciones se rigen por las leyes de Venezuela y Estados Unidos. Cualquier disputa estar\u00e1 sujeta a la jurisdicci\u00f3n de los tribunales competentes en estas jurisdicciones.\n<br>\n<br>\n8. CAMBIOS EN ESTOS T\u00c9RMINOS\n<br>\nNos reservamos el derecho de modificar estos T\u00e9rminos y Condiciones en cualquier momento. Las actualizaciones se publicar\u00e1n en nuestro sitio web y aplicaciones. Se te notificar\u00e1 sobre cambios significativos.\n<br>\n<br>\nSi tienes preguntas sobre estos T\u00e9rminos y Condiciones, por favor cont\u00e1ctanos a [correo electr\u00f3nico de contacto].\n\nFecha de \u00faltima actualizaci\u00f3n: 29 de noviembre de 2023\n\nGracias por utilizar Pixels Studio.\n<\/h2>\t\t<\/div>\n\t\t\t\t<\/div>\n\t\t\t\t\t<\/div>\n\t\t\t\t<\/div>\n\t\t\t\t\t\t\t<\/div>\n\t\t","protected":false},"excerpt":{"rendered":"<p>T\u00c9RMINOS Y CONDICIONES Bienvenido a Pixels Studio. Antes de utilizar nuestros servicios, te recomendamos leer detenidamente estos T\u00e9rminos y Condiciones, ya que rigen tu acceso y uso de nuestro sitio web y aplicaciones. 1. ACEPTACI\u00d3N DE LOS T\u00c9RMINOS Al acceder o utilizar nuestro sitio web y aplicaciones, aceptas cumplir con estos T\u00e9rminos y Condiciones. Si [&hellip;]<\/p>\n","protected":false},"author":1,"featured_media":0,"parent":0,"menu_order":0,"comment_status":"closed","ping_status":"closed","template":"","meta":{"footnotes":""},"class_list":["post-1514","page","type-page","status-publish","hentry"],"_links":{"self":[{"href":"https:\/\/pixelstudiove.com\/index.php\/wp-json\/wp\/v2\/pages\/1514","targetHints":{"allow":["GET"]}}],"collection":[{"href":"https:\/\/pixelstudiove.com\/index.php\/wp-json\/wp\/v2\/pages"}],"about":[{"href":"https:\/\/pixelstudiove.com\/index.php\/wp-json\/wp\/v2\/types\/page"}],"author":[{"embeddable":true,"href":"https:\/\/pixelstudiove.com\/index.php\/wp-json\/wp\/v2\/users\/1"}],"replies":[{"embeddable":true,"href":"https:\/\/pixelstudiove.com\/index.php\/wp-json\/wp\/v2\/comments?post=1514"}],"version-history":[{"count":34,"href":"https:\/\/pixelstudiove.com\/index.php\/wp-json\/wp\/v2\/pages\/1514\/revisions"}],"predecessor-version":[{"id":1560,"href":"https:\/\/pixelstudiove.com\/index.php\/wp-json\/wp\/v2\/pages\/1514\/revisions\/1560"}],"wp:attachment":[{"href":"https:\/\/pixelstudiove.com\/index.php\/wp-json\/wp\/v2\/media?parent=1514"}],"curies":[{"name":"wp","href":"https:\/\/api.w.org\/{rel}","templated":true}]}}